{"id":872,"date":"2019-09-29T15:48:31","date_gmt":"2019-09-29T13:48:31","guid":{"rendered":"http:\/\/www.antract.fr\/blog\/accueil\/?page_id=872"},"modified":"2019-10-06T12:41:09","modified_gmt":"2019-10-06T10:41:09","slug":"espace-membres","status":"publish","type":"page","link":"http:\/\/www.antract.fr\/blog\/accueil\/espace-membres\/","title":{"rendered":"Espace Membres"},"content":{"rendered":"Vous devez \u00eatre connect\u00e9 pour voir ce contenu.","protected":false},"excerpt":{"rendered":"Vous devez \u00eatre connect\u00e9 pour voir ce contenu.","protected":false},"author":2,"featured_media":0,"parent":0,"menu_order":0,"comment_status":"closed","ping_status":"closed","template":"page-full-width.php","meta":{"footnotes":""},"class_list":["post-872","page","type-page","status-publish","hentry"],"yoast_head":"<!-- This site is optimized with the Yoast SEO plugin v27.4 - https:\/\/yoast.com\/product\/yoast-seo-wordpress\/ -->\n<title>Espace Membres - L&#039;Antr&#039;Act<\/title>\n<meta name=\"robots\" content=\"noindex, nofollow\" \/>\n<meta property=\"og:locale\" content=\"fr_FR\" \/>\n<meta property=\"og:type\" content=\"article\" \/>\n<meta property=\"og:title\" content=\"Espace Membres - L&#039;Antr&#039;Act\" \/>\n<meta property=\"og:description\" content=\"Ce contenu est r\u00e9serv\u00e9 au membre de l&#039;association. Si vous l&#039;\u00eates, merci de vous connecter. Connexion pour les utilisateurs enregistr\u00e9sIdentifiant ou e-mailMot de passe&nbsp;Se souvenir de moi&nbsp;&nbsp;\" \/>\n<meta property=\"og:url\" content=\"http:\/\/www.antract.fr\/blog\/accueil\/espace-membres\/\" \/>\n<meta property=\"og:site_name\" content=\"L&#039;Antr&#039;Act\" \/>\n<meta property=\"article:modified_time\" content=\"2019-10-06T10:41:09+00:00\" \/>\n<meta name=\"twitter:card\" content=\"summary_large_image\" \/>\n<script type=\"application\/ld+json\" class=\"yoast-schema-graph\">{\"@context\":\"https:\\\/\\\/schema.org\",\"@graph\":[{\"@type\":\"WebPage\",\"@id\":\"http:\\\/\\\/www.antract.fr\\\/blog\\\/accueil\\\/espace-membres\\\/\",\"url\":\"http:\\\/\\\/www.antract.fr\\\/blog\\\/accueil\\\/espace-membres\\\/\",\"name\":\"Espace Membres - L&#039;Antr&#039;Act\",\"isPartOf\":{\"@id\":\"http:\\\/\\\/www.antract.fr\\\/blog\\\/accueil\\\/#website\"},\"datePublished\":\"2019-09-29T13:48:31+00:00\",\"dateModified\":\"2019-10-06T10:41:09+00:00\",\"breadcrumb\":{\"@id\":\"http:\\\/\\\/www.antract.fr\\\/blog\\\/accueil\\\/espace-membres\\\/#breadcrumb\"},\"inLanguage\":\"fr-FR\",\"potentialAction\":[{\"@type\":\"ReadAction\",\"target\":[\"http:\\\/\\\/www.antract.fr\\\/blog\\\/accueil\\\/espace-membres\\\/\"]}]},{\"@type\":\"BreadcrumbList\",\"@id\":\"http:\\\/\\\/www.antract.fr\\\/blog\\\/accueil\\\/espace-membres\\\/#breadcrumb\",\"itemListElement\":[{\"@type\":\"ListItem\",\"position\":1,\"name\":\"Accueil\",\"item\":\"http:\\\/\\\/www.antract.fr\\\/blog\\\/accueil\\\/\"},{\"@type\":\"ListItem\",\"position\":2,\"name\":\"Espace Membres\"}]},{\"@type\":\"WebSite\",\"@id\":\"http:\\\/\\\/www.antract.fr\\\/blog\\\/accueil\\\/#website\",\"url\":\"http:\\\/\\\/www.antract.fr\\\/blog\\\/accueil\\\/\",\"name\":\"L&#039;Antr&#039;Act\",\"description\":\"s&#039;initier au th\u00e9\u00e2tre, \u00e0 l&#039;impro ou \u00e0 la com\u00e9die musicale\",\"publisher\":{\"@id\":\"http:\\\/\\\/www.antract.fr\\\/blog\\\/accueil\\\/#organization\"},\"potentialAction\":[{\"@type\":\"SearchAction\",\"target\":{\"@type\":\"EntryPoint\",\"urlTemplate\":\"http:\\\/\\\/www.antract.fr\\\/blog\\\/accueil\\\/?s={search_term_string}\"},\"query-input\":{\"@type\":\"PropertyValueSpecification\",\"valueRequired\":true,\"valueName\":\"search_term_string\"}}],\"inLanguage\":\"fr-FR\"},{\"@type\":\"Organization\",\"@id\":\"http:\\\/\\\/www.antract.fr\\\/blog\\\/accueil\\\/#organization\",\"name\":\"L&#039;Antr&#039;Act\",\"url\":\"http:\\\/\\\/www.antract.fr\\\/blog\\\/accueil\\\/\",\"logo\":{\"@type\":\"ImageObject\",\"inLanguage\":\"fr-FR\",\"@id\":\"http:\\\/\\\/www.antract.fr\\\/blog\\\/accueil\\\/#\\\/schema\\\/logo\\\/image\\\/\",\"url\":\"http:\\\/\\\/www.antract.fr\\\/blog\\\/wp-content\\\/uploads\\\/2017\\\/05\\\/cropped-logoantract-def-1.png\",\"contentUrl\":\"http:\\\/\\\/www.antract.fr\\\/blog\\\/wp-content\\\/uploads\\\/2017\\\/05\\\/cropped-logoantract-def-1.png\",\"width\":400,\"height\":266,\"caption\":\"L&#039;Antr&#039;Act\"},\"image\":{\"@id\":\"http:\\\/\\\/www.antract.fr\\\/blog\\\/accueil\\\/#\\\/schema\\\/logo\\\/image\\\/\"}}]}<\/script>\n<!-- \/ Yoast SEO plugin. -->","yoast_head_json":{"title":"Espace Membres - L&#039;Antr&#039;Act","robots":{"index":"noindex","follow":"nofollow"},"og_locale":"fr_FR","og_type":"article","og_title":"Espace Membres - L&#039;Antr&#039;Act","og_description":"Ce contenu est r\u00e9serv\u00e9 au membre de l'association. Si vous l'\u00eates, merci de vous connecter. Connexion pour les utilisateurs enregistr\u00e9sIdentifiant ou e-mailMot de passe&nbsp;Se souvenir de moi&nbsp;&nbsp;","og_url":"http:\/\/www.antract.fr\/blog\/accueil\/espace-membres\/","og_site_name":"L&#039;Antr&#039;Act","article_modified_time":"2019-10-06T10:41:09+00:00","twitter_card":"summary_large_image","schema":{"@context":"https:\/\/schema.org","@graph":[{"@type":"WebPage","@id":"http:\/\/www.antract.fr\/blog\/accueil\/espace-membres\/","url":"http:\/\/www.antract.fr\/blog\/accueil\/espace-membres\/","name":"Espace Membres - L&#039;Antr&#039;Act","isPartOf":{"@id":"http:\/\/www.antract.fr\/blog\/accueil\/#website"},"datePublished":"2019-09-29T13:48:31+00:00","dateModified":"2019-10-06T10:41:09+00:00","breadcrumb":{"@id":"http:\/\/www.antract.fr\/blog\/accueil\/espace-membres\/#breadcrumb"},"inLanguage":"fr-FR","potentialAction":[{"@type":"ReadAction","target":["http:\/\/www.antract.fr\/blog\/accueil\/espace-membres\/"]}]},{"@type":"BreadcrumbList","@id":"http:\/\/www.antract.fr\/blog\/accueil\/espace-membres\/#breadcrumb","itemListElement":[{"@type":"ListItem","position":1,"name":"Accueil","item":"http:\/\/www.antract.fr\/blog\/accueil\/"},{"@type":"ListItem","position":2,"name":"Espace Membres"}]},{"@type":"WebSite","@id":"http:\/\/www.antract.fr\/blog\/accueil\/#website","url":"http:\/\/www.antract.fr\/blog\/accueil\/","name":"L&#039;Antr&#039;Act","description":"s&#039;initier au th\u00e9\u00e2tre, \u00e0 l&#039;impro ou \u00e0 la com\u00e9die musicale","publisher":{"@id":"http:\/\/www.antract.fr\/blog\/accueil\/#organization"},"potentialAction":[{"@type":"SearchAction","target":{"@type":"EntryPoint","urlTemplate":"http:\/\/www.antract.fr\/blog\/accueil\/?s={search_term_string}"},"query-input":{"@type":"PropertyValueSpecification","valueRequired":true,"valueName":"search_term_string"}}],"inLanguage":"fr-FR"},{"@type":"Organization","@id":"http:\/\/www.antract.fr\/blog\/accueil\/#organization","name":"L&#039;Antr&#039;Act","url":"http:\/\/www.antract.fr\/blog\/accueil\/","logo":{"@type":"ImageObject","inLanguage":"fr-FR","@id":"http:\/\/www.antract.fr\/blog\/accueil\/#\/schema\/logo\/image\/","url":"http:\/\/www.antract.fr\/blog\/wp-content\/uploads\/2017\/05\/cropped-logoantract-def-1.png","contentUrl":"http:\/\/www.antract.fr\/blog\/wp-content\/uploads\/2017\/05\/cropped-logoantract-def-1.png","width":400,"height":266,"caption":"L&#039;Antr&#039;Act"},"image":{"@id":"http:\/\/www.antract.fr\/blog\/accueil\/#\/schema\/logo\/image\/"}}]}},"_links":{"self":[{"href":"http:\/\/www.antract.fr\/blog\/accueil\/wp-json\/wp\/v2\/pages\/872","targetHints":{"allow":["GET"]}}],"collection":[{"href":"http:\/\/www.antract.fr\/blog\/accueil\/wp-json\/wp\/v2\/pages"}],"about":[{"href":"http:\/\/www.antract.fr\/blog\/accueil\/wp-json\/wp\/v2\/types\/page"}],"author":[{"embeddable":true,"href":"http:\/\/www.antract.fr\/blog\/accueil\/wp-json\/wp\/v2\/users\/2"}],"replies":[{"embeddable":true,"href":"http:\/\/www.antract.fr\/blog\/accueil\/wp-json\/wp\/v2\/comments?post=872"}],"version-history":[{"count":2,"href":"http:\/\/www.antract.fr\/blog\/accueil\/wp-json\/wp\/v2\/pages\/872\/revisions"}],"predecessor-version":[{"id":875,"href":"http:\/\/www.antract.fr\/blog\/accueil\/wp-json\/wp\/v2\/pages\/872\/revisions\/875"}],"wp:attachment":[{"href":"http:\/\/www.antract.fr\/blog\/accueil\/wp-json\/wp\/v2\/media?parent=872"}],"curies":[{"name":"wp","href":"https:\/\/api.w.org\/{rel}","templated":true}]}}