{"id":33,"date":"2017-05-21T13:07:27","date_gmt":"2017-05-21T11:07:27","guid":{"rendered":"http:\/\/www.antract.fr\/blog\/?page_id=33"},"modified":"2023-06-30T09:05:08","modified_gmt":"2023-06-30T07:05:08","slug":"les-ateliers-deroule","status":"publish","type":"page","link":"https:\/\/www.antract.fr\/blog\/accueil\/les-ateliers\/les-ateliers-deroule\/","title":{"rendered":"D\u00e9roulement des ateliers"},"content":{"rendered":"<p><span style=\"color: #c60500;\"><strong>D\u00e9roulement d\u2019un atelier th\u00e9\u00e2tre<br \/><\/strong><\/span><\/p>\n<div  class=\"lgc-column lgc-grid-parent lgc-grid-40 lgc-tablet-grid-40 lgc-mobile-grid-100 lgc-equal-heights \"><div  class=\"inside-grid-column\"><span style=\"color: #c60500;\"><strong><img loading=\"lazy\" decoding=\"async\" class=\"alignnone wp-image-1242 size-medium\" src=\"http:\/\/www.antract.fr\/blog\/wp-content\/uploads\/2023\/06\/CM6-200x300.jpg\" alt=\"\" width=\"200\" height=\"300\" srcset=\"https:\/\/www.antract.fr\/blog\/wp-content\/uploads\/2023\/06\/CM6-200x300.jpg 200w, https:\/\/www.antract.fr\/blog\/wp-content\/uploads\/2023\/06\/CM6-683x1024.jpg 683w, https:\/\/www.antract.fr\/blog\/wp-content\/uploads\/2023\/06\/CM6-768x1152.jpg 768w, https:\/\/www.antract.fr\/blog\/wp-content\/uploads\/2023\/06\/CM6-1024x1536.jpg 1024w, https:\/\/www.antract.fr\/blog\/wp-content\/uploads\/2023\/06\/CM6-1365x2048.jpg 1365w, https:\/\/www.antract.fr\/blog\/wp-content\/uploads\/2023\/06\/CM6-140x210.jpg 140w, https:\/\/www.antract.fr\/blog\/wp-content\/uploads\/2023\/06\/CM6-1536x2304.jpg 1536w, https:\/\/www.antract.fr\/blog\/wp-content\/uploads\/2023\/06\/CM6-1960x2940.jpg 1960w, https:\/\/www.antract.fr\/blog\/wp-content\/uploads\/2023\/06\/CM6-scaled.jpg 1707w\" sizes=\"auto, (max-width: 200px) 100vw, 200px\" \/><\/strong><\/span><\/div><\/div> <div  class=\"lgc-column lgc-grid-parent lgc-grid-60 lgc-tablet-grid-60 lgc-mobile-grid-100 lgc-equal-heights \"><div  style=\"text-align: justify\" class=\"inside-grid-column\">Chaque atelier commence par un \u00e9chauffement physique et vocal.<br \/>L\u2019objectif est de r\u00e9veiller le com\u00e9dien qui sommeille en nous, de se rendre disponible pour jouer avec le groupe et de rompre avec le reste de sa journ\u00e9e. Les \u00e9chauffements permettent de se concentrer tout en travaillant sa voix (respiration, placement, articulation,\u2026) et son corps (assouplissements, coordination, dynamisation).\n<p>Dans un deuxi\u00e8me temps plusieurs exercices seront propos\u00e9s sous forme de jeu afin de travailler la confiance en soi, l\u2019imagination, l\u2019\u00e9coute de groupe, la gestion des \u00e9motions, la gestion de l\u2019espace sc\u00e9nique\u00a0 et la construction du personnage\u2026<\/p>\n<p>Enfin, les com\u00e9diens se mettront en jeu dans des exercices d\u2019improvisation et dans l\u2019interpr\u00e9tation d\u2019extrait de pi\u00e8ces de th\u00e9\u00e2tre. Le but est de prendre confiance \u00e0 l\u2019oral, travailler sa r\u00e9partie, soutenir et \u00e9tonner ses partenaires et avant tout de s\u2019amuser\u00a0! \u00c0 partir du milieu de l\u2019ann\u00e9e, le groupe r\u00e9p\u00e8te son spectacle de fin d\u2019ann\u00e9e en s\u2019appropriant son texte, la mise en espace et la composition de son personnage.<\/p><\/div><\/div><div class=\"lgc-clear\"><\/div>\n<p><span style=\"color: #c60500;\"><strong>D\u00e9roulement d\u2019un atelier d\u2019improvisation<br \/><\/strong><\/span><\/p>\n<div  class=\"lgc-column lgc-grid-parent lgc-grid-60 lgc-tablet-grid-60 lgc-mobile-grid-100 lgc-equal-heights \"><div  style=\"text-align: justify\" class=\"inside-grid-column\">Comme pour les ateliers de th\u00e9\u00e2tre, l\u2019atelier d\u2019improvisation commence par un moment d\u2019\u00e9chauffements puis des exercices ludiques. Chaque s\u00e9ance s\u2019articule autour d\u2019une th\u00e9matique sp\u00e9cifique : le personnage, le l\u00e2cher prise, le mime, la r\u00e9partie, la construction d\u2019histoire, les \u00e9motions,\u00a0 les sch\u00e9mas narratifs&#8230; L\u2019objectif est de d\u00e9couvrir et de s\u2019approprier les r\u00e8gles du cabaret d\u2019improvisation (sc\u00e9nettes en groupe avec les th\u00e8mes du public) et du match d\u2019improvisation (show opposant deux \u00e9quipes avec arbitres et fautes siffl\u00e9es). L\u00e0 aussi le groupe aura la chance de faire une repr\u00e9sentation et de rencontrer d\u2019autres \u00e9quipes en \u00eele de France.<\/div><\/div> <div  class=\"lgc-column lgc-grid-parent lgc-grid-40 lgc-tablet-grid-40 lgc-mobile-grid-100 lgc-equal-heights \"><div  class=\"inside-grid-column\"><img loading=\"lazy\" decoding=\"async\" class=\"alignnone wp-image-1235 size-medium\" src=\"http:\/\/www.antract.fr\/blog\/wp-content\/uploads\/2023\/06\/IMG_20230329_195545-2-300x269.jpg\" alt=\"\" width=\"300\" height=\"269\" srcset=\"https:\/\/www.antract.fr\/blog\/wp-content\/uploads\/2023\/06\/IMG_20230329_195545-2-300x269.jpg 300w, https:\/\/www.antract.fr\/blog\/wp-content\/uploads\/2023\/06\/IMG_20230329_195545-2-1024x917.jpg 1024w, https:\/\/www.antract.fr\/blog\/wp-content\/uploads\/2023\/06\/IMG_20230329_195545-2-768x687.jpg 768w, https:\/\/www.antract.fr\/blog\/wp-content\/uploads\/2023\/06\/IMG_20230329_195545-2-1536x1375.jpg 1536w, https:\/\/www.antract.fr\/blog\/wp-content\/uploads\/2023\/06\/IMG_20230329_195545-2-2048x1833.jpg 2048w, https:\/\/www.antract.fr\/blog\/wp-content\/uploads\/2023\/06\/IMG_20230329_195545-2-210x188.jpg 210w, https:\/\/www.antract.fr\/blog\/wp-content\/uploads\/2023\/06\/IMG_20230329_195545-2-1960x1754.jpg 1960w\" sizes=\"auto, (max-width: 300px) 100vw, 300px\" \/><\/div><\/div><div class=\"lgc-clear\"><\/div>\n<p><span style=\"color: #c60500;\"><strong>D\u00e9roulement d\u2019un atelier com\u00e9die musicale<br \/><\/strong><\/span><\/p>\n<div  class=\"lgc-column lgc-grid-parent lgc-grid-40 lgc-tablet-grid-40 lgc-mobile-grid-100 lgc-equal-heights \"><div  class=\"inside-grid-column\"><img loading=\"lazy\" decoding=\"async\" class=\"alignnone wp-image-1243 size-medium\" src=\"http:\/\/www.antract.fr\/blog\/wp-content\/uploads\/2023\/06\/CM32--200x300.jpg\" alt=\"\" width=\"200\" height=\"300\" srcset=\"https:\/\/www.antract.fr\/blog\/wp-content\/uploads\/2023\/06\/CM32--200x300.jpg 200w, https:\/\/www.antract.fr\/blog\/wp-content\/uploads\/2023\/06\/CM32--683x1024.jpg 683w, https:\/\/www.antract.fr\/blog\/wp-content\/uploads\/2023\/06\/CM32--768x1152.jpg 768w, https:\/\/www.antract.fr\/blog\/wp-content\/uploads\/2023\/06\/CM32--1024x1536.jpg 1024w, https:\/\/www.antract.fr\/blog\/wp-content\/uploads\/2023\/06\/CM32--1365x2048.jpg 1365w, https:\/\/www.antract.fr\/blog\/wp-content\/uploads\/2023\/06\/CM32--140x210.jpg 140w, https:\/\/www.antract.fr\/blog\/wp-content\/uploads\/2023\/06\/CM32--1536x2304.jpg 1536w, https:\/\/www.antract.fr\/blog\/wp-content\/uploads\/2023\/06\/CM32--1960x2940.jpg 1960w, https:\/\/www.antract.fr\/blog\/wp-content\/uploads\/2023\/06\/CM32--scaled.jpg 1707w\" sizes=\"auto, (max-width: 200px) 100vw, 200px\" \/>\n<p><\/p><\/div><\/div> <div  class=\"lgc-column lgc-grid-parent lgc-grid-60 lgc-tablet-grid-60 lgc-mobile-grid-100 lgc-equal-heights \"><div  style=\"text-align: justify\" class=\"inside-grid-column\">Notre atelier de com\u00e9die musicale est anim\u00e9 par trois intervenants chacun sp\u00e9cialis\u00e9 dans une discipline : danse, chant et interpr\u00e9tation. Ils se partageront les s\u00e9ances de fa\u00e7on \u00e9quilibr\u00e9e sur l\u2019ensemble de l\u2019ann\u00e9e. \u00a0Chaque s\u00e9ance commence par un \u00e9chauffement appliqu\u00e9 \u00e0 la discipline : r\u00e9veil et \u00e9tirement musculaire, \u00e9chauffement vocal ou \u00a0mise en \u00e9nergie. Dans un deuxi\u00e8me temps plusieurs exercices seront propos\u00e9s, l\u00e0 aussi en fonction de la s\u00e9ance danse, chant ou interpr\u00e9tation : travail chor\u00e9graphique, techniques vocales, chor\u00e9graphie chant\u00e9e, improvisations, travail de textes, etc. Ce cocktail artistique favorise le d\u00e9passement de soi, le d\u00e9veloppement de la sensibilit\u00e9 et\u00a0 la pr\u00e9sence sc\u00e9nique. L\u2019objectif\u00a0 sera \u00e9galement de pr\u00e9senter un spectacle de fin d\u2019ann\u00e9e inspir\u00e9e des grandes com\u00e9dies musicales anglo-saxonnes.<\/div><\/div><div class=\"lgc-clear\"><\/div>\n<p><a href=\"http:\/\/antract.fr\/blog\/LAntrAct_Reglement_Interieur_29052023.pdf\" target=\"_blank\" rel=\"noopener\">D\u00e9tails du r\u00e8glement int\u00e9rieur de L&rsquo;Antr&rsquo;Act, ici<\/a><\/p>\n\n\n<p><\/p>\n","protected":false},"excerpt":{"rendered":"<p>D\u00e9roulement d\u2019un atelier th\u00e9\u00e2tre D\u00e9roulement d\u2019un atelier d\u2019improvisation D\u00e9roulement d\u2019un atelier com\u00e9die musicale D\u00e9tails du r\u00e8glement int\u00e9rieur de L&rsquo;Antr&rsquo;Act, ici<\/p>\n","protected":false},"author":2,"featured_media":0,"parent":28,"menu_order":1,"comment_status":"closed","ping_status":"closed","template":"page-full-width.php","meta":{"footnotes":""},"class_list":["post-33","page","type-page","status-publish","hentry"],"yoast_head":"<!-- This site is optimized with the Yoast SEO plugin v27.4 - https:\/\/yoast.com\/product\/yoast-seo-wordpress\/ -->\n<title>D\u00e9roulement des ateliers - L&#039;Antr&#039;Act<\/title>\n<meta name=\"robots\" content=\"index, follow, max-snippet:-1, max-image-preview:large, max-video-preview:-1\" \/>\n<link rel=\"canonical\" href=\"https:\/\/www.antract.fr\/blog\/accueil\/les-ateliers\/les-ateliers-deroule\/\" \/>\n<meta property=\"og:locale\" content=\"fr_FR\" \/>\n<meta property=\"og:type\" content=\"article\" \/>\n<meta property=\"og:title\" content=\"D\u00e9roulement des ateliers - L&#039;Antr&#039;Act\" \/>\n<meta property=\"og:description\" content=\"D\u00e9roulement d\u2019un atelier th\u00e9\u00e2tre D\u00e9roulement d\u2019un atelier d\u2019improvisation D\u00e9roulement d\u2019un atelier com\u00e9die musicale D\u00e9tails du r\u00e8glement int\u00e9rieur de L&rsquo;Antr&rsquo;Act, ici\" \/>\n<meta property=\"og:url\" content=\"https:\/\/www.antract.fr\/blog\/accueil\/les-ateliers\/les-ateliers-deroule\/\" \/>\n<meta property=\"og:site_name\" content=\"L&#039;Antr&#039;Act\" \/>\n<meta property=\"article:modified_time\" content=\"2023-06-30T07:05:08+00:00\" \/>\n<meta property=\"og:image\" content=\"http:\/\/www.antract.fr\/blog\/wp-content\/uploads\/2023\/06\/CM6-200x300.jpg\" \/>\n<meta name=\"twitter:card\" content=\"summary_large_image\" \/>\n<meta name=\"twitter:label1\" content=\"Dur\u00e9e de lecture estim\u00e9e\" \/>\n\t<meta name=\"twitter:data1\" content=\"3 minutes\" \/>\n<script type=\"application\/ld+json\" class=\"yoast-schema-graph\">{\"@context\":\"https:\\\/\\\/schema.org\",\"@graph\":[{\"@type\":\"WebPage\",\"@id\":\"https:\\\/\\\/www.antract.fr\\\/blog\\\/accueil\\\/les-ateliers\\\/les-ateliers-deroule\\\/\",\"url\":\"https:\\\/\\\/www.antract.fr\\\/blog\\\/accueil\\\/les-ateliers\\\/les-ateliers-deroule\\\/\",\"name\":\"D\u00e9roulement des ateliers - L&#039;Antr&#039;Act\",\"isPartOf\":{\"@id\":\"http:\\\/\\\/www.antract.fr\\\/blog\\\/accueil\\\/#website\"},\"primaryImageOfPage\":{\"@id\":\"https:\\\/\\\/www.antract.fr\\\/blog\\\/accueil\\\/les-ateliers\\\/les-ateliers-deroule\\\/#primaryimage\"},\"image\":{\"@id\":\"https:\\\/\\\/www.antract.fr\\\/blog\\\/accueil\\\/les-ateliers\\\/les-ateliers-deroule\\\/#primaryimage\"},\"thumbnailUrl\":\"http:\\\/\\\/www.antract.fr\\\/blog\\\/wp-content\\\/uploads\\\/2023\\\/06\\\/CM6-200x300.jpg\",\"datePublished\":\"2017-05-21T11:07:27+00:00\",\"dateModified\":\"2023-06-30T07:05:08+00:00\",\"breadcrumb\":{\"@id\":\"https:\\\/\\\/www.antract.fr\\\/blog\\\/accueil\\\/les-ateliers\\\/les-ateliers-deroule\\\/#breadcrumb\"},\"inLanguage\":\"fr-FR\",\"potentialAction\":[{\"@type\":\"ReadAction\",\"target\":[\"https:\\\/\\\/www.antract.fr\\\/blog\\\/accueil\\\/les-ateliers\\\/les-ateliers-deroule\\\/\"]}]},{\"@type\":\"ImageObject\",\"inLanguage\":\"fr-FR\",\"@id\":\"https:\\\/\\\/www.antract.fr\\\/blog\\\/accueil\\\/les-ateliers\\\/les-ateliers-deroule\\\/#primaryimage\",\"url\":\"http:\\\/\\\/www.antract.fr\\\/blog\\\/wp-content\\\/uploads\\\/2023\\\/06\\\/CM6-200x300.jpg\",\"contentUrl\":\"http:\\\/\\\/www.antract.fr\\\/blog\\\/wp-content\\\/uploads\\\/2023\\\/06\\\/CM6-200x300.jpg\"},{\"@type\":\"BreadcrumbList\",\"@id\":\"https:\\\/\\\/www.antract.fr\\\/blog\\\/accueil\\\/les-ateliers\\\/les-ateliers-deroule\\\/#breadcrumb\",\"itemListElement\":[{\"@type\":\"ListItem\",\"position\":1,\"name\":\"Accueil\",\"item\":\"http:\\\/\\\/www.antract.fr\\\/blog\\\/accueil\\\/\"},{\"@type\":\"ListItem\",\"position\":2,\"name\":\"Les ateliers\",\"item\":\"http:\\\/\\\/www.antract.fr\\\/blog\\\/accueil\\\/les-ateliers\\\/\"},{\"@type\":\"ListItem\",\"position\":3,\"name\":\"D\u00e9roulement des ateliers\"}]},{\"@type\":\"WebSite\",\"@id\":\"http:\\\/\\\/www.antract.fr\\\/blog\\\/accueil\\\/#website\",\"url\":\"http:\\\/\\\/www.antract.fr\\\/blog\\\/accueil\\\/\",\"name\":\"L&#039;Antr&#039;Act\",\"description\":\"s&#039;initier au th\u00e9\u00e2tre, \u00e0 l&#039;impro ou \u00e0 la com\u00e9die musicale\",\"publisher\":{\"@id\":\"http:\\\/\\\/www.antract.fr\\\/blog\\\/accueil\\\/#organization\"},\"potentialAction\":[{\"@type\":\"SearchAction\",\"target\":{\"@type\":\"EntryPoint\",\"urlTemplate\":\"http:\\\/\\\/www.antract.fr\\\/blog\\\/accueil\\\/?s={search_term_string}\"},\"query-input\":{\"@type\":\"PropertyValueSpecification\",\"valueRequired\":true,\"valueName\":\"search_term_string\"}}],\"inLanguage\":\"fr-FR\"},{\"@type\":\"Organization\",\"@id\":\"http:\\\/\\\/www.antract.fr\\\/blog\\\/accueil\\\/#organization\",\"name\":\"L&#039;Antr&#039;Act\",\"url\":\"http:\\\/\\\/www.antract.fr\\\/blog\\\/accueil\\\/\",\"logo\":{\"@type\":\"ImageObject\",\"inLanguage\":\"fr-FR\",\"@id\":\"http:\\\/\\\/www.antract.fr\\\/blog\\\/accueil\\\/#\\\/schema\\\/logo\\\/image\\\/\",\"url\":\"https:\\\/\\\/www.antract.fr\\\/blog\\\/wp-content\\\/uploads\\\/2017\\\/05\\\/cropped-logoantract-def-1.png\",\"contentUrl\":\"https:\\\/\\\/www.antract.fr\\\/blog\\\/wp-content\\\/uploads\\\/2017\\\/05\\\/cropped-logoantract-def-1.png\",\"width\":400,\"height\":266,\"caption\":\"L&#039;Antr&#039;Act\"},\"image\":{\"@id\":\"http:\\\/\\\/www.antract.fr\\\/blog\\\/accueil\\\/#\\\/schema\\\/logo\\\/image\\\/\"}}]}<\/script>\n<!-- \/ Yoast SEO plugin. -->","yoast_head_json":{"title":"D\u00e9roulement des ateliers - L&#039;Antr&#039;Act","robots":{"index":"index","follow":"follow","max-snippet":"max-snippet:-1","max-image-preview":"max-image-preview:large","max-video-preview":"max-video-preview:-1"},"canonical":"https:\/\/www.antract.fr\/blog\/accueil\/les-ateliers\/les-ateliers-deroule\/","og_locale":"fr_FR","og_type":"article","og_title":"D\u00e9roulement des ateliers - L&#039;Antr&#039;Act","og_description":"D\u00e9roulement d\u2019un atelier th\u00e9\u00e2tre D\u00e9roulement d\u2019un atelier d\u2019improvisation D\u00e9roulement d\u2019un atelier com\u00e9die musicale D\u00e9tails du r\u00e8glement int\u00e9rieur de L&rsquo;Antr&rsquo;Act, ici","og_url":"https:\/\/www.antract.fr\/blog\/accueil\/les-ateliers\/les-ateliers-deroule\/","og_site_name":"L&#039;Antr&#039;Act","article_modified_time":"2023-06-30T07:05:08+00:00","og_image":[{"url":"http:\/\/www.antract.fr\/blog\/wp-content\/uploads\/2023\/06\/CM6-200x300.jpg","type":"","width":"","height":""}],"twitter_card":"summary_large_image","twitter_misc":{"Dur\u00e9e de lecture estim\u00e9e":"3 minutes"},"schema":{"@context":"https:\/\/schema.org","@graph":[{"@type":"WebPage","@id":"https:\/\/www.antract.fr\/blog\/accueil\/les-ateliers\/les-ateliers-deroule\/","url":"https:\/\/www.antract.fr\/blog\/accueil\/les-ateliers\/les-ateliers-deroule\/","name":"D\u00e9roulement des ateliers - L&#039;Antr&#039;Act","isPartOf":{"@id":"http:\/\/www.antract.fr\/blog\/accueil\/#website"},"primaryImageOfPage":{"@id":"https:\/\/www.antract.fr\/blog\/accueil\/les-ateliers\/les-ateliers-deroule\/#primaryimage"},"image":{"@id":"https:\/\/www.antract.fr\/blog\/accueil\/les-ateliers\/les-ateliers-deroule\/#primaryimage"},"thumbnailUrl":"http:\/\/www.antract.fr\/blog\/wp-content\/uploads\/2023\/06\/CM6-200x300.jpg","datePublished":"2017-05-21T11:07:27+00:00","dateModified":"2023-06-30T07:05:08+00:00","breadcrumb":{"@id":"https:\/\/www.antract.fr\/blog\/accueil\/les-ateliers\/les-ateliers-deroule\/#breadcrumb"},"inLanguage":"fr-FR","potentialAction":[{"@type":"ReadAction","target":["https:\/\/www.antract.fr\/blog\/accueil\/les-ateliers\/les-ateliers-deroule\/"]}]},{"@type":"ImageObject","inLanguage":"fr-FR","@id":"https:\/\/www.antract.fr\/blog\/accueil\/les-ateliers\/les-ateliers-deroule\/#primaryimage","url":"http:\/\/www.antract.fr\/blog\/wp-content\/uploads\/2023\/06\/CM6-200x300.jpg","contentUrl":"http:\/\/www.antract.fr\/blog\/wp-content\/uploads\/2023\/06\/CM6-200x300.jpg"},{"@type":"BreadcrumbList","@id":"https:\/\/www.antract.fr\/blog\/accueil\/les-ateliers\/les-ateliers-deroule\/#breadcrumb","itemListElement":[{"@type":"ListItem","position":1,"name":"Accueil","item":"http:\/\/www.antract.fr\/blog\/accueil\/"},{"@type":"ListItem","position":2,"name":"Les ateliers","item":"http:\/\/www.antract.fr\/blog\/accueil\/les-ateliers\/"},{"@type":"ListItem","position":3,"name":"D\u00e9roulement des ateliers"}]},{"@type":"WebSite","@id":"http:\/\/www.antract.fr\/blog\/accueil\/#website","url":"http:\/\/www.antract.fr\/blog\/accueil\/","name":"L&#039;Antr&#039;Act","description":"s&#039;initier au th\u00e9\u00e2tre, \u00e0 l&#039;impro ou \u00e0 la com\u00e9die musicale","publisher":{"@id":"http:\/\/www.antract.fr\/blog\/accueil\/#organization"},"potentialAction":[{"@type":"SearchAction","target":{"@type":"EntryPoint","urlTemplate":"http:\/\/www.antract.fr\/blog\/accueil\/?s={search_term_string}"},"query-input":{"@type":"PropertyValueSpecification","valueRequired":true,"valueName":"search_term_string"}}],"inLanguage":"fr-FR"},{"@type":"Organization","@id":"http:\/\/www.antract.fr\/blog\/accueil\/#organization","name":"L&#039;Antr&#039;Act","url":"http:\/\/www.antract.fr\/blog\/accueil\/","logo":{"@type":"ImageObject","inLanguage":"fr-FR","@id":"http:\/\/www.antract.fr\/blog\/accueil\/#\/schema\/logo\/image\/","url":"https:\/\/www.antract.fr\/blog\/wp-content\/uploads\/2017\/05\/cropped-logoantract-def-1.png","contentUrl":"https:\/\/www.antract.fr\/blog\/wp-content\/uploads\/2017\/05\/cropped-logoantract-def-1.png","width":400,"height":266,"caption":"L&#039;Antr&#039;Act"},"image":{"@id":"http:\/\/www.antract.fr\/blog\/accueil\/#\/schema\/logo\/image\/"}}]}},"_links":{"self":[{"href":"https:\/\/www.antract.fr\/blog\/accueil\/wp-json\/wp\/v2\/pages\/33","targetHints":{"allow":["GET"]}}],"collection":[{"href":"https:\/\/www.antract.fr\/blog\/accueil\/wp-json\/wp\/v2\/pages"}],"about":[{"href":"https:\/\/www.antract.fr\/blog\/accueil\/wp-json\/wp\/v2\/types\/page"}],"author":[{"embeddable":true,"href":"https:\/\/www.antract.fr\/blog\/accueil\/wp-json\/wp\/v2\/users\/2"}],"replies":[{"embeddable":true,"href":"https:\/\/www.antract.fr\/blog\/accueil\/wp-json\/wp\/v2\/comments?post=33"}],"version-history":[{"count":16,"href":"https:\/\/www.antract.fr\/blog\/accueil\/wp-json\/wp\/v2\/pages\/33\/revisions"}],"predecessor-version":[{"id":1262,"href":"https:\/\/www.antract.fr\/blog\/accueil\/wp-json\/wp\/v2\/pages\/33\/revisions\/1262"}],"up":[{"embeddable":true,"href":"https:\/\/www.antract.fr\/blog\/accueil\/wp-json\/wp\/v2\/pages\/28"}],"wp:attachment":[{"href":"https:\/\/www.antract.fr\/blog\/accueil\/wp-json\/wp\/v2\/media?parent=33"}],"curies":[{"name":"wp","href":"https:\/\/api.w.org\/{rel}","templated":true}]}}